{"id":1188,"date":"2021-02-27T22:58:24","date_gmt":"2021-02-27T21:58:24","guid":{"rendered":"https:\/\/staging.abikeerin.com\/?post_type=product&#038;p=1188"},"modified":"2025-05-31T12:28:34","modified_gmt":"2025-05-31T11:28:34","slug":"tally-baobab-oil-moisturizer-for-skin-hair","status":"publish","type":"product","link":"https:\/\/naturebynj.com\/fr\/produit\/tally-baobab-oil-moisturizer-for-skin-hair\/","title":{"rendered":"Tally\u2014Baobab Huile Hydratante pour la Peau et des Cheveux"},"content":{"rendered":"<div class=\"content user-select-text\" tabindex=\"0\" aria-description=\"\" aria-label=\"Sent by Copilot: Got it! Let's refine the product description without using &quot;summary&quot; in the subheadings. --- **Baobab Oil Moisturizer: Versatile Care for Skin and Hair** **Introduction** &lt;div class=\">\n<div class=\"ac-textBlock\">\n<div class=\"content user-select-text\" tabindex=\"0\" aria-description=\"\" aria-label=\"Sent by Copilot: Got it! Let's refine the product description without using &quot;summary&quot; in the subheadings. --- **Baobab Oil Moisturizer: Versatile Care for Skin and Hair** **Introduction** &lt;div class=\">\n<div class=\"ac-textBlock\">\n<div class=\"content user-select-text\" tabindex=\"0\" aria-description=\"\" aria-label=\"Sent by Copilot: Got it! Let's add more transition words to improve the flow and readability of your product description. --- **Baobab Oil Moisturizer: Versatile Care for Skin and Hair** **Introduction** Experience the benefits of Baobab oil, rose, and frangipani with this versatile moisturizer. It protects and moisturizes all skin and hair types. &lt;div class=\">\n<div class=\"ac-textBlock\">\n<h2><strong>Tally \u2013 Baobab Huile Hydratant: Puissance Douce pour la Peau et les Cheveux \ud83c\udf3f<\/strong><\/h2>\n<p>Tally Hydratant est votre all-in-one solution pour <strong>baby-safe soin de la peau<\/strong>, <strong>naturelle des cheveux d\u00e9m\u00ealant<\/strong> besoins, et tous les jours de l&#039;humidit\u00e9. Propuls\u00e9 par <strong>Le baobab huile<\/strong>il fournit de la vitamine riches en nourriture, en le rendant id\u00e9al <strong>baobab huile pour la peau<\/strong> et un de confiance <strong>cheveux hydratant pour les b\u00e9b\u00e9s<\/strong>.<\/p>\n<p>\ud83c\udf3f <strong>L\u00e9ger Et Polyvalent<\/strong>: L&#039;utiliser comme un <strong>du visage et du corps huile<\/strong>, hydratant quotidien, ou <strong>contr\u00f4le les frisottis pour les cheveux fris\u00e9s<\/strong>.<br \/>\n\ud83d\udc76\ud83c\udffd <strong>Coffre-fort, de la Naissance<\/strong>: Assez doux pour les b\u00e9b\u00e9s, assez efficace pour les adultes.<br \/>\n\ud83d\udca7 <strong>Aucun R\u00e9sidu<\/strong>: Hydratation en profondeur sans production de s\u00e9bum.<br \/>\n\ud83d\udcae <strong>De Rose et de fleur de Frangipanier, Hydratant<\/strong>: Calmant, apaisant, et parfait pour <strong>la peau sensible<\/strong>.<\/p>\n<hr \/>\n<h3><strong>Ingr\u00e9dients Cl\u00e9s Et De Leurs Avantages<\/strong><\/h3>\n<ul>\n<li><strong>Baobab Huile pour la Peau<\/strong>: Hydratation en profondeur, de r\u00e9paration de la peau, et de la protection antioxydante<\/li>\n<li><strong>Rose<\/strong>: Tonifie et apaise les peaux irrit\u00e9es ou <strong>la peau sensible<\/strong><\/li>\n<li><strong>La fleur de frangipanier<\/strong>: Offre un subtil parfum apaisant, tout en soutenant la douceur de la peau<\/li>\n<\/ul>\n<p>\u2705 Efficace <strong>la s\u00e9cheresse de la peau rem\u00e8de<\/strong><br \/>\n\u2705 Favorise la r\u00e9g\u00e9n\u00e9ration des cellules souches<br \/>\n\u2705 Fonctionne comme un <strong>multifonction cheveux et soins de la peau<\/strong> huile<br \/>\n\u2705 Recommand\u00e9 <strong>cheveux hydratant pour les b\u00e9b\u00e9s<\/strong><\/p>\n<h3><strong>Comment Utiliser Tally Hydratant<\/strong><\/h3>\n<p>\ud83d\udc86\ud83c\udffd\u2640\ufe0f <strong>Pour La Peau<\/strong>:<br \/>\nAppliquer quelques gouttes sur la propret\u00e9, la peau humide. Masser doucement le visage et le corps. L&#039;utilisation quotidienne de luminosit\u00e9.<\/p>\n<p>\ud83d\udc87\ud83c\udffd\u2642\ufe0f <strong>Pour Les Cheveux<\/strong>:<br \/>\nUtiliser sur cheveux humides pour <strong>le d\u00e9m\u00ealage<\/strong>, r\u00e9duire les frisottis, et restaurer l&#039;\u00e9clat. S&#039;appliquent aux extr\u00e9mit\u00e9s ou du cuir chevelu, en tant que de besoin naturel <strong>cheveux hydratant pour les b\u00e9b\u00e9s<\/strong> ou les adultes.<\/p>\n<p>\ud83e\uddfd <strong>Conseil Bonus<\/strong>: Pour une peau rayonnante de beaut\u00e9, de paire avec notre <a href=\"https:\/\/naturebynj.com\/fr\/produit\/organic-loofah-sponge-natural-exfoliator\/\"><strong>Bio \u00c9ponge De Luffa<\/strong><\/a> pour exfolier et pr\u00e9parer votre peau avant la cr\u00e8me hydratante.<\/p>\n<h3><strong>Pourquoi Choisir De Pointage?<\/strong><\/h3>\n<p>Tally n&#039;est pas juste un autre <strong>la peau sensible cr\u00e8me<\/strong>\u2014c&#039;est une c\u00e9l\u00e9bration de l&#039;Afrique de botanique de la beaut\u00e9. Avec une formule douce fabriqu\u00e9s \u00e0 partir de <strong>baobab huile pour la peau<\/strong>, <strong>de rose et de fleur de frangipanier, hydratant<\/strong>et de plus, Comptage prend en charge une peau saine et \u00e9clatante et nourrit les cheveux, du berceau \u00e0 l&#039;\u00e2ge adulte.<\/p>\n<p>Si vous \u00eates \u00e0 la gestion des cheveux boucl\u00e9s, \u00e0 la naissance de la s\u00e9cheresse, ou baby-safe besoins d&#039;humidit\u00e9, de Pointage cr\u00e8me Hydratante est une solution compl\u00e8te pour <strong>multifonction cheveux et soins de la peau<\/strong>.<\/p>\n<p>\ud83d\udd17 Souhaitez am\u00e9liorer votre beaut\u00e9 naturelle routine? Paire de Pointage avec notre apaisant <a href=\"https:\/\/naturebynj.com\/fr\/produit\/roselle-premium-organic-hibiscus-tea-leaves\/\">Roselle Premium Bio Th\u00e9 D&#039;Hibiscus<\/a> \u2014 riche en antioxydants qui soutiennent la peau bien-\u00eatre de l&#039;int\u00e9rieur.<\/p>\n<p>\ud83c\udf10 Qui cherchent \u00e0 explorer plus de bien-\u00eatre naturel ingr\u00e9dients? D\u00e9couvrez comment <a href=\"https:\/\/www.healthline.com\/health\/baobab-oil\"><strong>huiles v\u00e9g\u00e9tales<\/strong><\/a> sont en train de changer moderne de la beaut\u00e9 dans cette article informatif par <strong>Healthline<\/strong>.<\/p>\n<\/div>\n<\/div>\n<\/div>\n<\/div>\n<\/div>\n<\/div>","protected":false},"excerpt":{"rendered":"<p data-start=\"453\" data-end=\"982\">Tally est un soin nourrissant et polyvalent, fabriqu\u00e9 \u00e0 partir de cr\u00e8me hydratante <strong data-start=\"511\" data-end=\"533\">Le baobab huile<\/strong>, <strong data-start=\"535\" data-end=\"543\">rose<\/strong>et <strong data-start=\"549\" data-end=\"563\">la fleur de frangipanier<\/strong>con\u00e7u pour les plus <strong data-start=\"592\" data-end=\"616\">les peaux sensibles<\/strong>, y compris les b\u00e9b\u00e9s. Il est l\u00e9ger, sans parfum, et ne laisse aucun r\u00e9sidu \u2014 parfait pour hydrater la <strong data-start=\"714\" data-end=\"738\">le visage, le corps et les cheveux<\/strong>. Si vous \u00eates \u00e0 la recherche pour apaiser <strong data-start=\"773\" data-end=\"785\">la s\u00e9cheresse de la peau<\/strong>, <strong data-start=\"787\" data-end=\"810\">le d\u00e9m\u00ealage des cheveux boucl\u00e9s<\/strong>ou de maintenir une douce lueur, Tally fournit de puissants r\u00e9sultats avec une touche de douceur. Id\u00e9al pour tous les \u00e2ges.<br data-start=\"909\" data-end=\"912\" \/>\ud83d\udca7 Sans danger pour les nouveau-n\u00e9s | \ud83c\udf3f Pas de produits chimiques | \ud83e\uddf4 contr\u00f4le les Frisottis et d\u00e9m\u00ealantes<\/p>","protected":false},"featured_media":4797,"comment_status":"open","ping_status":"closed","template":"","meta":{"_gspb_post_css":"","_uag_custom_page_level_css":""},"product_brand":[],"product_cat":[185,54],"product_tag":[636,635,344,632,637,641,639,633,642,634,343,640,638,136,631],"class_list":{"0":"post-1188","1":"product","2":"type-product","3":"status-publish","4":"has-post-thumbnail","6":"product_cat-cosmetics","7":"product_cat-oils","8":"product_tag-african-baobab-oil","9":"product_tag-baby-safe-skincare","10":"product_tag-baobab-oil","11":"product_tag-baobab-oil-for-skin","12":"product_tag-dry-skin-remedy","13":"product_tag-face-and-body-oil","14":"product_tag-frizz-control-for-curly-hair","15":"product_tag-hair-moisturizer-for-babies","16":"product_tag-multipurpose-hair-and-skin-care","17":"product_tag-natural-hair-detangler","18":"product_tag-oils","19":"product_tag-rose-and-frangipani-moisturizer","20":"product_tag-sensitive-skin-cream","21":"product_tag-skincare","22":"product_tag-tally-moisturizer","24":"first","25":"instock","26":"sale","27":"taxable","28":"shipping-taxable","29":"purchasable","30":"product-type-simple"},"ct_brands":[],"spectra_custom_meta":{"_wpml_word_count":["{\"total\":147,\"to_translate\":{\"en\":147}}"],"auxin-autop":["no"],"_edit_last":["1"],"_wpml_media_featured":["1"],"_wpml_media_duplicate":["1"],"_edit_lock":["1748690863:1"],"_wp_page_template":["default"],"_product_single_template":["default"],"_product_single_template_slider_type":["default"],"_product_grid_template_type":["default"],"_product_image_aspect_ratio":["default"],"_product_grid_column_number":["default"],"_product_grid_column_number_tablet":["default"],"_product_grid_column_number_mobile":["default"],"_sticky_sidebar":["default"],"_show_next_prev_nav":["default"],"_next_prev_nav_skin":["default"],"_product_single_display_star_rating":["default"],"_product_single_display_wishlist":["default"],"_product_single_display_share":["default"],"_product_single_display_sku":["default"],"_product_single_display_category":["default"],"_product_single_display_tag":["default"],"auxin_product_featured_color_enabled":["0"],"auxin_product_featured_color":["#1bb0ce"],"_show_product_related_posts":["default"],"_product_related_posts_preview_mode":["default"],"_product_related_posts_column_number":["default"],"_product_related_posts_carousel_pages":["default"],"_product_related_posts_carousel_autoplay":["default"],"_product_related_posts_align_center":["default"],"_product_related_posts_full_width":["default"],"_product_related_posts_snap_items":["default"],"_product_related_posts_display_categories":["default"],"_product_related_posts_display_stars":["default"],"content_layout":["default"],"page_layout":["default"],"page_sidebar_style":["default"],"show_content_top_margin":["default"],"page_show_goto_top_btn":["default"],"page_goto_top_alignment":["default"],"aux_title_bar_show":["default"],"subtitle_position":["before"],"aux_title_bar_preset":["default"],"aux_title_bar_enable_customize":["0"],"aux_title_bar_content_width_type":["boxed"],"aux_title_bar_content_section_height":["auto"],"aux_title_bar_title_show":["1"],"aux_title_bar_heading_bordered":["0"],"aux_title_bar_heading_boxed":["0"],"aux_title_bar_meta_enabled":["0"],"aux_title_bar_bread_enabled":["1"],"aux_title_bar_bread_bordered":["0"],"aux_title_bar_text_align":["left"],"aux_title_bar_overlay_pattern":["none"],"aux_title_bar_overlay_pattern_opacity":["0.15"],"aux_title_bar_color_style":["dark"],"aux_title_bar_bg_show":["0"],"aux_title_bar_bg_parallax":["0"],"aux_title_bar_bg_size":["cover"],"aux_custom_bg_show":["0"],"aux_custom_bg_repeat":["repeat"],"aux_custom_bg_attach":["scroll"],"aux_custom_bg_position":["left top"],"aux_custom_bg_size":["auto"],"top_slider_id":["none"],"aux_metafields_custom_styles":[""],"_yoast_wpseo_focuskw":["Tally"],"_yoast_wpseo_linkdex":["59"],"_yoast_wpseo_content_score":["90"],"_yoast_wpseo_focuskeywords":["[]"],"_yoast_wpseo_keywordsynonyms":["[\"\"]"],"_yoast_wpseo_estimated-reading-time-minutes":["2"],"aux_product_pair_fields":[""],"total_sales":["0"],"_tax_status":["taxable"],"_tax_class":[""],"_manage_stock":["no"],"_backorders":["no"],"_sold_individually":["no"],"_virtual":["no"],"_downloadable":["no"],"_download_limit":["-1"],"_download_expiry":["-1"],"_stock":[null],"_stock_status":["instock"],"_wc_average_rating":["0"],"_wc_review_count":["0"],"_product_version":["9.8.5"],"_sku":["NJNLE26XE1188"],"_yoast_wpseo_primary_product_cat":["54"],"wpseo_global_identifier_values":["a:6:{s:5:\"gtin8\";s:0:\"\";s:6:\"gtin12\";s:0:\"\";s:6:\"gtin13\";s:0:\"\";s:6:\"gtin14\";s:0:\"\";s:4:\"isbn\";s:0:\"\";s:3:\"mpn\";s:0:\"\";}"],"_regular_price":["17.99"],"_sale_price":["13.99"],"_weight":["280"],"_price":["13.99"],"_visibility":["visible"],"_thumbnail_id":["4797"],"_wc_local_pickup_plus_local_pickup_product_availability":["inherit"],"_elementor_data":[""],"_yoast_indexnow_last_ping":["1723739739"],"_wp_old_slug":["tally-soin-hydratant-neutre","tally"],"_yoast_post_redirect_info":["a:4:{s:6:\"origin\";s:35:\"product\/tally-soin-hydratant-neutre\";s:6:\"target\";s:13:\"product\/tally\";s:4:\"type\";i:301;s:6:\"format\";s:5:\"plain\";}"],"_francophone-west-africa_sale_price_dates":["default"],"_francophone-west-africa_sale_price_dates_from":[""],"_francophone-west-africa_sale_price_dates_to":[""],"_yoast_wpseo_videositemap-rating":["0"],"_yoast_wpseo_wordproof_timestamp":[""],"bftow_hide_product":[""],"_yoast_wpseo_metadesc":["Versatile Baobab oil moisturizer for skin and hair. Deeply nourishes, hydrates, and detangles. Suitable for all ages. Fragrance-free and lightweight."],"_jetpack_related_posts_cache":["a:1:{s:32:\"32b0bf150bb6bd30c74ed5fafdacd61f\";a:2:{s:7:\"expires\";i:1690181868;s:7:\"payload\";a:3:{i:0;a:1:{s:2:\"id\";i:297;}i:1;a:1:{s:2:\"id\";i:3165;}i:2;a:1:{s:2:\"id\";i:294;}}}}"],"_ct-woo-attributes-list":["{}"],"stackable_optimized_css":[""],"stackable_optimized_css_raw":["a:0:{}"],"_yoast_wpseo_inclusive_language_score":["90"],"_siteseo_readibility_data":["a:1:{s:16:\"paragraph_length\";i:0;}"],"_siteseo_analysis_target_kw":["Baobab oil,Tally moisturizer,baobab oil for skin,hair moisturizer for babies,natural hair detangler,baby-safe skincare,african baobab oil,dry skin remedy,sensitive skin cream,frizz control for curly hair,rose and frangipani moisturizer,face and body oil,multipurpose hair and skin care"],"_siteseo_titles_title":["Tally \u2013 Baobab Oil Moisturizer for Skin & Hair"],"_siteseo_titles_desc":["Nourish skin and hair with Tally. Made with baobab oil, it's perfect for all ages\u2014lightweight, hydrating, and ideal for sensitive skin and curly hair."],"_siteseo_robots_primary_cat":["185"],"_siteseo_social_fb_title":["Tally \u2013 Baobab Oil Moisturizer for Skin & Hair"],"_siteseo_social_fb_desc":["Nourish skin and hair with Tally. Made with baobab oil, it's perfect for all ages\u2014lightweight, hydrating, and ideal for sensitive skin and curly hair."],"_siteseo_social_twitter_title":["Tally \u2013 Baobab Oil Moisturizer for Skin & Hair"],"_siteseo_social_twitter_desc":["Nourish skin and hair with Tally. Made with baobab oil, it's perfect for all ages\u2014lightweight, hydrating, and ideal for sensitive skin and curly hair."],"_siteseo_redirections_type":["301"],"_siteseo_redirections_logged_status":["both"],"_siteseo_video_title":[""],"_siteseo_video_description":[""],"_siteseo_video_thumbnail":[""],"_siteseo_video_duration":[""],"_siteseo_video_rating":[""],"_crosssell_ids":["a:2:{i:0;i:3217;i:1;i:4063;}"],"_siteseo_social_fb_img":["https:\/\/naturebynj.com\/wp-content\/uploads\/2021\/02\/This-is-NJnature-7.png"],"_siteseo_social_fb_img_attachment_id":["5048"],"_siteseo_social_fb_img_width":["1200"],"_siteseo_social_fb_img_height":["608"],"_siteseo_social_twitter_img":["https:\/\/naturebynj.com\/wp-content\/uploads\/2021\/02\/This-is-NJnature-7.png"],"_siteseo_social_twitter_img_attachment_id":["5048"],"_siteseo_social_twitter_img_width":["1200"],"_siteseo_social_twitter_img_height":["608"],"_uag_css_file_name":["uag-css-1188.css"],"_uag_page_assets":["a:9:{s:3:\"css\";s:0:\"\";s:2:\"js\";s:0:\"\";s:18:\"current_block_list\";a:28:{i:0;s:27:\"greenshift-blocks\/container\";i:1;s:23:\"greenshift-blocks\/image\";i:3;s:23:\"blocksy\/widgets-wrapper\";i:4;s:12:\"core\/heading\";i:5;s:14:\"core\/paragraph\";i:6;s:18:\"blocksy\/newsletter\";i:7;s:10:\"core\/group\";i:8;s:15:\"core\/categories\";i:9;s:30:\"woocommerce\/product-collection\";i:10;s:28:\"woocommerce\/product-template\";i:11;s:12:\"core\/columns\";i:12;s:11:\"core\/column\";i:13;s:20:\"blocksy\/dynamic-data\";i:14;s:32:\"blocksy\/woocommerce-price-filter\";i:15;s:27:\"blocksy\/woocommerce-filters\";i:17;s:30:\"woocommerce\/product-categories\";i:18;s:9:\"core\/list\";i:19;s:14:\"core\/list-item\";i:22;s:25:\"greenshift-blocks\/heading\";i:23;s:22:\"greenshift-blocks\/text\";i:24;s:27:\"greenshift-blocks\/buttonbox\";i:26;s:10:\"core\/image\";i:27;s:20:\"blocksy\/contact-info\";i:28;s:26:\"woocommerce\/filter-wrapper\";i:29;s:24:\"woocommerce\/price-filter\";i:30;s:29:\"woocommerce\/featured-category\";i:31;s:17:\"core\/widget-group\";i:32;s:9:\"core\/html\";}s:8:\"uag_flag\";b:0;s:11:\"uag_version\";s:10:\"1777345496\";s:6:\"gfonts\";a:0:{}s:10:\"gfonts_url\";s:0:\"\";s:12:\"gfonts_files\";a:0:{}s:14:\"uag_faq_layout\";b:0;}"]},"uagb_featured_image_src":{"full":["https:\/\/naturebynj.com\/wp-content\/uploads\/2023\/04\/29.webp",1260,1800,false],"thumbnail":["https:\/\/naturebynj.com\/wp-content\/uploads\/2023\/04\/29-150x150.webp",150,150,true],"medium":["https:\/\/naturebynj.com\/wp-content\/uploads\/2023\/04\/29.webp",1260,1800,false],"medium_large":["https:\/\/naturebynj.com\/wp-content\/uploads\/2023\/04\/29-768x768.webp",768,768,true],"large":["https:\/\/naturebynj.com\/wp-content\/uploads\/2023\/04\/29.webp",1260,1800,false],"1536x1536":["https:\/\/naturebynj.com\/wp-content\/uploads\/2023\/04\/29-1075x1536.webp",1075,1536,true],"2048x2048":["https:\/\/naturebynj.com\/wp-content\/uploads\/2023\/04\/29.webp",1260,1800,false],"trp-custom-language-flag":["https:\/\/naturebynj.com\/wp-content\/uploads\/2023\/04\/29-8x12.webp",8,12,true],"woocommerce_archive_thumbnail":["https:\/\/naturebynj.com\/wp-content\/uploads\/2023\/04\/29-500x714.webp",500,714,true],"woocommerce_thumbnail":["https:\/\/naturebynj.com\/wp-content\/uploads\/2023\/04\/29-300x300.webp",300,300,true],"woocommerce_single":["https:\/\/naturebynj.com\/wp-content\/uploads\/2023\/04\/29-600x857.webp",600,857,true],"woocommerce_gallery_thumbnail":["https:\/\/naturebynj.com\/wp-content\/uploads\/2023\/04\/29-100x100.webp",100,100,true]},"uagb_author_info":{"display_name":"SirAde","author_link":"https:\/\/naturebynj.com\/fr\/author\/"},"uagb_comment_info":0,"uagb_excerpt":"Tally is a nourishing, multipurpose moisturizer made from African baobab oil, rose, and frangipani, designed for even the most sensitive skin types, including babies. It\u2019s light, fragrance-free, and leaves no residue \u2014 perfect for hydrating the face, body, and hair. Whether you're looking to soothe dry skin, detangle curly hair, or maintain a soft glow,\u2026","_links":{"self":[{"href":"https:\/\/naturebynj.com\/fr\/wp-json\/wp\/v2\/product\/1188","targetHints":{"allow":["GET"]}}],"collection":[{"href":"https:\/\/naturebynj.com\/fr\/wp-json\/wp\/v2\/product"}],"about":[{"href":"https:\/\/naturebynj.com\/fr\/wp-json\/wp\/v2\/types\/product"}],"replies":[{"embeddable":true,"href":"https:\/\/naturebynj.com\/fr\/wp-json\/wp\/v2\/comments?post=1188"}],"wp:featuredmedia":[{"embeddable":true,"href":"https:\/\/naturebynj.com\/fr\/wp-json\/wp\/v2\/media\/4797"}],"wp:attachment":[{"href":"https:\/\/naturebynj.com\/fr\/wp-json\/wp\/v2\/media?parent=1188"}],"wp:term":[{"taxonomy":"product_brand","embeddable":true,"href":"https:\/\/naturebynj.com\/fr\/wp-json\/wp\/v2\/product_brand?post=1188"},{"taxonomy":"product_cat","embeddable":true,"href":"https:\/\/naturebynj.com\/fr\/wp-json\/wp\/v2\/product_cat?post=1188"},{"taxonomy":"product_tag","embeddable":true,"href":"https:\/\/naturebynj.com\/fr\/wp-json\/wp\/v2\/product_tag?post=1188"}],"curies":[{"name":"wp","href":"https:\/\/api.w.org\/{rel}","templated":true}]}}